{"id":125,"date":"2014-03-03T01:49:35","date_gmt":"2014-03-02T23:49:35","guid":{"rendered":"http:\/\/localhost:85\/wordpress\/?page_id=125"},"modified":"2025-05-16T13:02:33","modified_gmt":"2025-05-16T12:02:33","slug":"impressum","status":"publish","type":"page","link":"https:\/\/www.kanu-coswig.de\/?page_id=125","title":{"rendered":"Impressum"},"content":{"rendered":"<p><strong>Angaben gem\u00e4\u00df \u00a7 5 TMG:<\/strong><\/p>\n<p>Coswiger Kanu-Verein e. V.<br \/>\nFeldweg 15<br \/>\n01640 Coswig<\/p>\n<p><strong>Vertreten durch den Vorstand:<\/strong><\/p>\n<p>Moritz Nagel (1. Vorsitzender)<br \/>\nThomas Paul (2. Vorsitzender\/Slalomwart)<br \/>\nMark Lemme (3. Vorsitzender \/ Technischer Leiter)<br \/>\nSteffen Lutzke (Touristikwart)<br \/>\nAnnette Sachers (Kassenwart)<br \/>\nFinley Fischer (Jugendwart)<\/p>\n<p><strong>Kontakt:<\/strong><\/p>\n<p>Telefon 03523\/75417<br \/>\nE-Mail <a href=\"mailto:bootshaus@kanu-coswig.de\">bootshaus@kanu-coswig.de <\/a><\/p>\n<p>Registereintrag:<\/p>\n<p>Eintragung im Vereinsregister.<br \/>\nRegistergericht: Amtsgericht Dresden<br \/>\nRegisternummer: VR 10068<\/p>\n<p>&nbsp;<\/p>\n<p>Quelle: <i><a href=\"http:\/\/www.e-recht24.de\" rel=\"nofollow\">http:\/\/www.e-recht24.de<\/a><\/i><\/p>\n<p>&nbsp;<\/p>\n<p>Haftungsausschluss (Disclaimer)<\/p>\n<p><strong>Haftung f\u00fcr Inhalte<\/strong><\/p>\n<p>Als Diensteanbieter sind wir gem\u00e4\u00df \u00a7 7 Abs.1 TMG f\u00fcr eigene Inhalte auf diesen Seiten nach den allgemeinen Gesetzen verantwortlich. Nach \u00a7\u00a7 8 bis 10 TMG sind wir als Diensteanbieter jedoch nicht verpflichtet, \u00fcbermittelte oder gespeicherte fremde Informationen zu \u00fcberwachen oder nach Umst\u00e4nden zu forschen, die auf eine rechtswidrige T\u00e4tigkeit hinweisen. Verpflichtungen zur Entfernung oder Sperrung der Nutzung von Informationen nach den allgemeinen Gesetzen bleiben hiervon unber\u00fchrt. Eine diesbez\u00fcgliche Haftung ist jedoch erst ab dem Zeitpunkt der Kenntnis einer konkreten Rechtsverletzung m\u00f6glich. Bei Bekanntwerden von entsprechenden Rechtsverletzungen werden wir diese Inhalte umgehend entfernen.<\/p>\n<p><strong>Haftung f\u00fcr Links<\/strong><\/p>\n<p>Unser Angebot enth\u00e4lt Links zu externen Webseiten Dritter, auf deren Inhalte wir keinen Einfluss haben. Deshalb k\u00f6nnen wir f\u00fcr diese fremden Inhalte auch keine Gew\u00e4hr \u00fcbernehmen. F\u00fcr die Inhalte der verlinkten Seiten ist stets der jeweilige Anbieter oder Betreiber der Seiten verantwortlich. Die verlinkten Seiten wurden zum Zeitpunkt der Verlinkung auf m\u00f6gliche Rechtsverst\u00f6\u00dfe \u00fcberpr\u00fcft. Rechtswidrige Inhalte waren zum Zeitpunkt der Verlinkung nicht erkennbar. Eine permanente inhaltliche Kontrolle der verlinkten Seiten ist jedoch ohne konkrete Anhaltspunkte einer Rechtsverletzung nicht zumutbar. Bei Bekanntwerden von Rechtsverletzungen werden wir derartige Links umgehend entfernen.<\/p>\n<p><strong>Urheberrecht<\/strong><\/p>\n<p>Die durch die Seitenbetreiber erstellten Inhalte und Werke auf diesen Seiten unterliegen dem deutschen Urheberrecht. Die Vervielf\u00e4ltigung, Bearbeitung, Verbreitung und jede Art der Verwertung au\u00dferhalb der Grenzen des Urheberrechtes bed\u00fcrfen der schriftlichen Zustimmung des jeweiligen Autors bzw. Erstellers. Downloads und Kopien dieser Seite sind nur f\u00fcr den privaten, nicht kommerziellen Gebrauch gestattet. Soweit die Inhalte auf dieser Seite nicht vom Betreiber erstellt wurden, werden die Urheberrechte Dritter beachtet. Insbesondere werden Inhalte Dritter als solche gekennzeichnet. Sollten Sie trotzdem auf eine Urheberrechtsverletzung aufmerksam werden, bitten wir um einen entsprechenden Hinweis. Bei Bekanntwerden von Rechtsverletzungen werden wir derartige Inhalte umgehend entfernen.<\/p>\n<p>&nbsp;<\/p>\n<p><i>Quellverweis: <a href=\"http:\/\/www.e-recht24.de\/muster-disclaimer.html\" target=\"_blank\" rel=\"nofollow noopener\">eRecht24 Disclaimer<\/a>, <a href=\"http:\/\/www.e-recht24.de\/muster-disclaimer.html\" target=\"_blank\" rel=\"nofollow noopener\">Disclaimer eRecht24<\/a><\/i><\/p>\n","protected":false},"excerpt":{"rendered":"<p>Angaben gem\u00e4\u00df \u00a7 5 TMG: Coswiger Kanu-Verein e. V. Feldweg 15 01640 Coswig Vertreten durch den Vorstand: Moritz Nagel (1. Vorsitzender) Thomas Paul (2. Vorsitzender\/Slalomwart) Mark Lemme (3. Vorsitzender \/ Technischer Leiter) Steffen Lutzke (Touristikwart) Annette Sachers (Kassenwart) Finley Fischer (Jugendwart) Kontakt: Telefon 03523\/75417 E-Mail bootshaus@kanu-coswig.de Registereintrag: Eintragung im Vereinsregister.\u2026 <a class=\"continue-reading-link\" href=\"https:\/\/www.kanu-coswig.de\/?page_id=125\">Weiterlesen<\/a><\/p>\n","protected":false},"author":1,"featured_media":0,"parent":0,"menu_order":0,"comment_status":"closed","ping_status":"closed","template":"","meta":{"footnotes":""},"class_list":["post-125","page","type-page","status-publish","hentry"],"yoast_head":"<!-- This site is optimized with the Yoast SEO plugin v21.8 - https:\/\/yoast.com\/wordpress\/plugins\/seo\/ -->\n<title>Impressum - Coswiger Kanu-Verein e.V.<\/title>\n<meta name=\"robots\" content=\"index, follow, max-snippet:-1, max-image-preview:large, max-video-preview:-1\" \/>\n<link rel=\"canonical\" href=\"https:\/\/www.kanu-coswig.de\/?page_id=125\" \/>\n<meta property=\"og:locale\" content=\"de_DE\" \/>\n<meta property=\"og:type\" content=\"article\" \/>\n<meta property=\"og:title\" content=\"Impressum - Coswiger Kanu-Verein e.V.\" \/>\n<meta property=\"og:description\" content=\"Angaben gem\u00e4\u00df \u00a7 5 TMG: Coswiger Kanu-Verein e. V. Feldweg 15 01640 Coswig Vertreten durch den Vorstand: Moritz Nagel (1. Vorsitzender) Thomas Paul (2. Vorsitzender\/Slalomwart) Mark Lemme (3. Vorsitzender \/ Technischer Leiter) Steffen Lutzke (Touristikwart) Annette Sachers (Kassenwart) Finley Fischer (Jugendwart) Kontakt: Telefon 03523\/75417 E-Mail bootshaus@kanu-coswig.de Registereintrag: Eintragung im Vereinsregister.\u2026 Weiterlesen\" \/>\n<meta property=\"og:url\" content=\"https:\/\/www.kanu-coswig.de\/?page_id=125\" \/>\n<meta property=\"og:site_name\" content=\"Coswiger Kanu-Verein e.V.\" \/>\n<meta property=\"article:modified_time\" content=\"2025-05-16T12:02:33+00:00\" \/>\n<meta name=\"twitter:label1\" content=\"Gesch\u00e4tzte Lesezeit\" \/>\n\t<meta name=\"twitter:data1\" content=\"2\u00a0Minuten\" \/>\n<script type=\"application\/ld+json\" class=\"yoast-schema-graph\">{\"@context\":\"https:\/\/schema.org\",\"@graph\":[{\"@type\":\"WebPage\",\"@id\":\"https:\/\/www.kanu-coswig.de\/?page_id=125\",\"url\":\"https:\/\/www.kanu-coswig.de\/?page_id=125\",\"name\":\"Impressum - Coswiger Kanu-Verein e.V.\",\"isPartOf\":{\"@id\":\"https:\/\/www.kanu-coswig.de\/#website\"},\"datePublished\":\"2014-03-02T23:49:35+00:00\",\"dateModified\":\"2025-05-16T12:02:33+00:00\",\"breadcrumb\":{\"@id\":\"https:\/\/www.kanu-coswig.de\/?page_id=125#breadcrumb\"},\"inLanguage\":\"de\",\"potentialAction\":[{\"@type\":\"ReadAction\",\"target\":[\"https:\/\/www.kanu-coswig.de\/?page_id=125\"]}]},{\"@type\":\"BreadcrumbList\",\"@id\":\"https:\/\/www.kanu-coswig.de\/?page_id=125#breadcrumb\",\"itemListElement\":[{\"@type\":\"ListItem\",\"position\":1,\"name\":\"Home\",\"item\":\"https:\/\/www.kanu-coswig.de\/\"},{\"@type\":\"ListItem\",\"position\":2,\"name\":\"Impressum\"}]},{\"@type\":\"WebSite\",\"@id\":\"https:\/\/www.kanu-coswig.de\/#website\",\"url\":\"https:\/\/www.kanu-coswig.de\/\",\"name\":\"Coswiger Kanu-Verein e.V.\",\"description\":\"Zentrum f\u00fcr Kanusport, Kanutouristik und Freizeit in Sachsen\",\"potentialAction\":[{\"@type\":\"SearchAction\",\"target\":{\"@type\":\"EntryPoint\",\"urlTemplate\":\"https:\/\/www.kanu-coswig.de\/?s={search_term_string}\"},\"query-input\":\"required name=search_term_string\"}],\"inLanguage\":\"de\"}]}<\/script>\n<!-- \/ Yoast SEO plugin. -->","yoast_head_json":{"title":"Impressum - Coswiger Kanu-Verein e.V.","robots":{"index":"index","follow":"follow","max-snippet":"max-snippet:-1","max-image-preview":"max-image-preview:large","max-video-preview":"max-video-preview:-1"},"canonical":"https:\/\/www.kanu-coswig.de\/?page_id=125","og_locale":"de_DE","og_type":"article","og_title":"Impressum - Coswiger Kanu-Verein e.V.","og_description":"Angaben gem\u00e4\u00df \u00a7 5 TMG: Coswiger Kanu-Verein e. V. Feldweg 15 01640 Coswig Vertreten durch den Vorstand: Moritz Nagel (1. Vorsitzender) Thomas Paul (2. Vorsitzender\/Slalomwart) Mark Lemme (3. Vorsitzender \/ Technischer Leiter) Steffen Lutzke (Touristikwart) Annette Sachers (Kassenwart) Finley Fischer (Jugendwart) Kontakt: Telefon 03523\/75417 E-Mail bootshaus@kanu-coswig.de Registereintrag: Eintragung im Vereinsregister.\u2026 Weiterlesen","og_url":"https:\/\/www.kanu-coswig.de\/?page_id=125","og_site_name":"Coswiger Kanu-Verein e.V.","article_modified_time":"2025-05-16T12:02:33+00:00","twitter_misc":{"Gesch\u00e4tzte Lesezeit":"2\u00a0Minuten"},"schema":{"@context":"https:\/\/schema.org","@graph":[{"@type":"WebPage","@id":"https:\/\/www.kanu-coswig.de\/?page_id=125","url":"https:\/\/www.kanu-coswig.de\/?page_id=125","name":"Impressum - Coswiger Kanu-Verein e.V.","isPartOf":{"@id":"https:\/\/www.kanu-coswig.de\/#website"},"datePublished":"2014-03-02T23:49:35+00:00","dateModified":"2025-05-16T12:02:33+00:00","breadcrumb":{"@id":"https:\/\/www.kanu-coswig.de\/?page_id=125#breadcrumb"},"inLanguage":"de","potentialAction":[{"@type":"ReadAction","target":["https:\/\/www.kanu-coswig.de\/?page_id=125"]}]},{"@type":"BreadcrumbList","@id":"https:\/\/www.kanu-coswig.de\/?page_id=125#breadcrumb","itemListElement":[{"@type":"ListItem","position":1,"name":"Home","item":"https:\/\/www.kanu-coswig.de\/"},{"@type":"ListItem","position":2,"name":"Impressum"}]},{"@type":"WebSite","@id":"https:\/\/www.kanu-coswig.de\/#website","url":"https:\/\/www.kanu-coswig.de\/","name":"Coswiger Kanu-Verein e.V.","description":"Zentrum f\u00fcr Kanusport, Kanutouristik und Freizeit in Sachsen","potentialAction":[{"@type":"SearchAction","target":{"@type":"EntryPoint","urlTemplate":"https:\/\/www.kanu-coswig.de\/?s={search_term_string}"},"query-input":"required name=search_term_string"}],"inLanguage":"de"}]}},"_links":{"self":[{"href":"https:\/\/www.kanu-coswig.de\/index.php?rest_route=\/wp\/v2\/pages\/125","targetHints":{"allow":["GET"]}}],"collection":[{"href":"https:\/\/www.kanu-coswig.de\/index.php?rest_route=\/wp\/v2\/pages"}],"about":[{"href":"https:\/\/www.kanu-coswig.de\/index.php?rest_route=\/wp\/v2\/types\/page"}],"author":[{"embeddable":true,"href":"https:\/\/www.kanu-coswig.de\/index.php?rest_route=\/wp\/v2\/users\/1"}],"replies":[{"embeddable":true,"href":"https:\/\/www.kanu-coswig.de\/index.php?rest_route=%2Fwp%2Fv2%2Fcomments&post=125"}],"version-history":[{"count":9,"href":"https:\/\/www.kanu-coswig.de\/index.php?rest_route=\/wp\/v2\/pages\/125\/revisions"}],"predecessor-version":[{"id":1761,"href":"https:\/\/www.kanu-coswig.de\/index.php?rest_route=\/wp\/v2\/pages\/125\/revisions\/1761"}],"wp:attachment":[{"href":"https:\/\/www.kanu-coswig.de\/index.php?rest_route=%2Fwp%2Fv2%2Fmedia&parent=125"}],"curies":[{"name":"wp","href":"https:\/\/api.w.org\/{rel}","templated":true}]}}