{"id":1634,"date":"2024-01-17T19:51:09","date_gmt":"2024-01-17T18:51:09","guid":{"rendered":"https:\/\/www.kanu-coswig.de\/?page_id=1634"},"modified":"2024-01-17T19:51:09","modified_gmt":"2024-01-17T18:51:09","slug":"mitglied-werden","status":"publish","type":"page","link":"https:\/\/www.kanu-coswig.de\/?page_id=1634","title":{"rendered":"Mitglied werden"},"content":{"rendered":"<p><strong>Willkommen im Kanu-Abenteuer! Werde jetzt Mitglied unseres Kanu-Vereins!<\/strong><\/p>\n<p>Liebe Sportfreunde,<\/p>\n<p>Wenn auch du die Faszination des Paddelns auf flie\u00dfenden Gew\u00e4ssern erleben m\u00f6chtest, laden wir dich ein, ein Teil unseres Kanu-Vereins zu werden. Hier erwarten dich:<\/p>\n<ul>\n<li><strong>Gemeinschaft erleben:<\/strong> Trete einer engagierten Gruppe von Paddel-Enthusiasten bei, teile Erfahrungen und entdecke die Sch\u00f6nheit der Natur und des Wassers.<\/li>\n<li><strong>Exklusive Ressourcen:<\/strong> Erhalte Zugang zu Tipps und Tricks rund ums Kanufahren, um deine F\u00e4higkeiten zu verbessern.<\/li>\n<li><strong>Veranstaltungen und Ausfl\u00fcge:<\/strong> Sei Teil von spannenden Treffen, organisierten Ausfl\u00fcgen und Wettbewerben.<\/li>\n<li><strong>Adrenalin pur &#8211; Wildwasser:<\/strong> Erlebe den Nervenkitzel des Wildwasserfahrens und fordere deine Grenzen in atemberaubenden Gew\u00e4ssern heraus.<\/li>\n<li><strong>Spannende Wettk\u00e4mpfe:<\/strong> Nimm an aufregenden Wettk\u00e4mpfen teil, messe dich mit Gleichgesinnten und zeige, was in dir steckt.<\/li>\n<\/ul>\n<p><strong>Wie wirst Du Mitglied?<\/strong><\/p>\n<p>F\u00fclle das Formular unten aus und klicke auf &#8222;Mitgliedsantrag abschicken&#8220; und werde Teil unseres Kanu-Vereins. Deine Mitgliedschaft unterst\u00fctzt nicht nur unseren Verein, sondern \u00f6ffnet auch die T\u00fcr zu aufregenden Wasserabenteuern.<\/p>\n<div style=\"text-align: center;\"><iframe style=\"border: none; width: 100%; min-height: 800px;\" src=\"https:\/\/easyverein.com\/public\/CKV\/applicationform\/3430?iframe=True\"><\/iframe><br \/>\n<small><a style=\"text-decoration: none; color: #878787;\" title=\"Vereinsverwaltungssoftware easyVerein\" href=\"https:\/\/easyverein.com\">Vereinsverwaltung von<br \/>\neasyVerein<\/a><\/small><\/div>\n<p>&nbsp;<\/p>\n<p>Bereit f\u00fcr das ultimative Kanu-Abenteuer? Schlie\u00dfe dich uns an!<\/p>\n","protected":false},"excerpt":{"rendered":"<p>Willkommen im Kanu-Abenteuer! Werde jetzt Mitglied unseres Kanu-Vereins! Liebe Sportfreunde, Wenn auch du die Faszination des Paddelns auf flie\u00dfenden Gew\u00e4ssern erleben m\u00f6chtest, laden wir dich ein, ein Teil unseres Kanu-Vereins zu werden. Hier erwarten dich: Gemeinschaft erleben: Trete einer engagierten Gruppe von Paddel-Enthusiasten bei, teile Erfahrungen und entdecke die Sch\u00f6nheit\u2026 <a class=\"continue-reading-link\" href=\"https:\/\/www.kanu-coswig.de\/?page_id=1634\">Weiterlesen<\/a><\/p>\n","protected":false},"author":6,"featured_media":0,"parent":0,"menu_order":0,"comment_status":"closed","ping_status":"closed","template":"","meta":{"footnotes":""},"class_list":["post-1634","page","type-page","status-publish","hentry"],"yoast_head":"<!-- This site is optimized with the Yoast SEO plugin v21.8 - https:\/\/yoast.com\/wordpress\/plugins\/seo\/ -->\n<title>Mitglied werden - Coswiger Kanu-Verein e.V.<\/title>\n<meta name=\"robots\" content=\"index, follow, max-snippet:-1, max-image-preview:large, max-video-preview:-1\" \/>\n<link rel=\"canonical\" href=\"https:\/\/www.kanu-coswig.de\/?page_id=1634\" \/>\n<meta property=\"og:locale\" content=\"de_DE\" \/>\n<meta property=\"og:type\" content=\"article\" \/>\n<meta property=\"og:title\" content=\"Mitglied werden - Coswiger Kanu-Verein e.V.\" \/>\n<meta property=\"og:description\" content=\"Willkommen im Kanu-Abenteuer! Werde jetzt Mitglied unseres Kanu-Vereins! Liebe Sportfreunde, Wenn auch du die Faszination des Paddelns auf flie\u00dfenden Gew\u00e4ssern erleben m\u00f6chtest, laden wir dich ein, ein Teil unseres Kanu-Vereins zu werden. Hier erwarten dich: Gemeinschaft erleben: Trete einer engagierten Gruppe von Paddel-Enthusiasten bei, teile Erfahrungen und entdecke die Sch\u00f6nheit\u2026 Weiterlesen\" \/>\n<meta property=\"og:url\" content=\"https:\/\/www.kanu-coswig.de\/?page_id=1634\" \/>\n<meta property=\"og:site_name\" content=\"Coswiger Kanu-Verein e.V.\" \/>\n<meta name=\"twitter:label1\" content=\"Gesch\u00e4tzte Lesezeit\" \/>\n\t<meta name=\"twitter:data1\" content=\"1\u00a0Minute\" \/>\n<script type=\"application\/ld+json\" class=\"yoast-schema-graph\">{\"@context\":\"https:\/\/schema.org\",\"@graph\":[{\"@type\":\"WebPage\",\"@id\":\"https:\/\/www.kanu-coswig.de\/?page_id=1634\",\"url\":\"https:\/\/www.kanu-coswig.de\/?page_id=1634\",\"name\":\"Mitglied werden - Coswiger Kanu-Verein e.V.\",\"isPartOf\":{\"@id\":\"https:\/\/www.kanu-coswig.de\/#website\"},\"datePublished\":\"2024-01-17T18:51:09+00:00\",\"dateModified\":\"2024-01-17T18:51:09+00:00\",\"breadcrumb\":{\"@id\":\"https:\/\/www.kanu-coswig.de\/?page_id=1634#breadcrumb\"},\"inLanguage\":\"de\",\"potentialAction\":[{\"@type\":\"ReadAction\",\"target\":[\"https:\/\/www.kanu-coswig.de\/?page_id=1634\"]}]},{\"@type\":\"BreadcrumbList\",\"@id\":\"https:\/\/www.kanu-coswig.de\/?page_id=1634#breadcrumb\",\"itemListElement\":[{\"@type\":\"ListItem\",\"position\":1,\"name\":\"Home\",\"item\":\"https:\/\/www.kanu-coswig.de\/\"},{\"@type\":\"ListItem\",\"position\":2,\"name\":\"Mitglied werden\"}]},{\"@type\":\"WebSite\",\"@id\":\"https:\/\/www.kanu-coswig.de\/#website\",\"url\":\"https:\/\/www.kanu-coswig.de\/\",\"name\":\"Coswiger Kanu-Verein e.V.\",\"description\":\"Zentrum f\u00fcr Kanusport, Kanutouristik und Freizeit in Sachsen\",\"potentialAction\":[{\"@type\":\"SearchAction\",\"target\":{\"@type\":\"EntryPoint\",\"urlTemplate\":\"https:\/\/www.kanu-coswig.de\/?s={search_term_string}\"},\"query-input\":\"required name=search_term_string\"}],\"inLanguage\":\"de\"}]}<\/script>\n<!-- \/ Yoast SEO plugin. -->","yoast_head_json":{"title":"Mitglied werden - Coswiger Kanu-Verein e.V.","robots":{"index":"index","follow":"follow","max-snippet":"max-snippet:-1","max-image-preview":"max-image-preview:large","max-video-preview":"max-video-preview:-1"},"canonical":"https:\/\/www.kanu-coswig.de\/?page_id=1634","og_locale":"de_DE","og_type":"article","og_title":"Mitglied werden - Coswiger Kanu-Verein e.V.","og_description":"Willkommen im Kanu-Abenteuer! Werde jetzt Mitglied unseres Kanu-Vereins! Liebe Sportfreunde, Wenn auch du die Faszination des Paddelns auf flie\u00dfenden Gew\u00e4ssern erleben m\u00f6chtest, laden wir dich ein, ein Teil unseres Kanu-Vereins zu werden. Hier erwarten dich: Gemeinschaft erleben: Trete einer engagierten Gruppe von Paddel-Enthusiasten bei, teile Erfahrungen und entdecke die Sch\u00f6nheit\u2026 Weiterlesen","og_url":"https:\/\/www.kanu-coswig.de\/?page_id=1634","og_site_name":"Coswiger Kanu-Verein e.V.","twitter_misc":{"Gesch\u00e4tzte Lesezeit":"1\u00a0Minute"},"schema":{"@context":"https:\/\/schema.org","@graph":[{"@type":"WebPage","@id":"https:\/\/www.kanu-coswig.de\/?page_id=1634","url":"https:\/\/www.kanu-coswig.de\/?page_id=1634","name":"Mitglied werden - Coswiger Kanu-Verein e.V.","isPartOf":{"@id":"https:\/\/www.kanu-coswig.de\/#website"},"datePublished":"2024-01-17T18:51:09+00:00","dateModified":"2024-01-17T18:51:09+00:00","breadcrumb":{"@id":"https:\/\/www.kanu-coswig.de\/?page_id=1634#breadcrumb"},"inLanguage":"de","potentialAction":[{"@type":"ReadAction","target":["https:\/\/www.kanu-coswig.de\/?page_id=1634"]}]},{"@type":"BreadcrumbList","@id":"https:\/\/www.kanu-coswig.de\/?page_id=1634#breadcrumb","itemListElement":[{"@type":"ListItem","position":1,"name":"Home","item":"https:\/\/www.kanu-coswig.de\/"},{"@type":"ListItem","position":2,"name":"Mitglied werden"}]},{"@type":"WebSite","@id":"https:\/\/www.kanu-coswig.de\/#website","url":"https:\/\/www.kanu-coswig.de\/","name":"Coswiger Kanu-Verein e.V.","description":"Zentrum f\u00fcr Kanusport, Kanutouristik und Freizeit in Sachsen","potentialAction":[{"@type":"SearchAction","target":{"@type":"EntryPoint","urlTemplate":"https:\/\/www.kanu-coswig.de\/?s={search_term_string}"},"query-input":"required name=search_term_string"}],"inLanguage":"de"}]}},"_links":{"self":[{"href":"https:\/\/www.kanu-coswig.de\/index.php?rest_route=\/wp\/v2\/pages\/1634","targetHints":{"allow":["GET"]}}],"collection":[{"href":"https:\/\/www.kanu-coswig.de\/index.php?rest_route=\/wp\/v2\/pages"}],"about":[{"href":"https:\/\/www.kanu-coswig.de\/index.php?rest_route=\/wp\/v2\/types\/page"}],"author":[{"embeddable":true,"href":"https:\/\/www.kanu-coswig.de\/index.php?rest_route=\/wp\/v2\/users\/6"}],"replies":[{"embeddable":true,"href":"https:\/\/www.kanu-coswig.de\/index.php?rest_route=%2Fwp%2Fv2%2Fcomments&post=1634"}],"version-history":[{"count":4,"href":"https:\/\/www.kanu-coswig.de\/index.php?rest_route=\/wp\/v2\/pages\/1634\/revisions"}],"predecessor-version":[{"id":1639,"href":"https:\/\/www.kanu-coswig.de\/index.php?rest_route=\/wp\/v2\/pages\/1634\/revisions\/1639"}],"wp:attachment":[{"href":"https:\/\/www.kanu-coswig.de\/index.php?rest_route=%2Fwp%2Fv2%2Fmedia&parent=1634"}],"curies":[{"name":"wp","href":"https:\/\/api.w.org\/{rel}","templated":true}]}}