{"id":211,"date":"2014-03-09T09:46:07","date_gmt":"2014-03-09T07:46:07","guid":{"rendered":"http:\/\/localhost:85\/wordpress\/?page_id=211"},"modified":"2025-03-28T12:06:15","modified_gmt":"2025-03-28T11:06:15","slug":"terminplan-fuer-aktuelles-jahr","status":"publish","type":"page","link":"https:\/\/www.kanu-coswig.de\/?page_id=211","title":{"rendered":"Slalom-Terminplan"},"content":{"rendered":"<p>Der aktuelle (Jahres-) Terminplan ist am Bootshaus an der Pinwand ausgehangen. \u00c4nderungen an Terminen ist jederzeit m\u00f6glich. Bitte zus\u00e4tzliche Aush\u00e4nge am Bootshaus beachten.<\/p>\n<p>Hier ist der aktuelle Plan als Download. Es wird ein PDF Viewer ben\u00f6tigt, um den Inhalt anzuzeigen. Um die Datei auf Ihren Rechner zu laden, rechte Maustaste &amp; &#8222;Speichern unter&#8230;&#8220;<\/p>\n<p>Sei immer einen Paddelschlag voraus und erkunde die Online-Version unserer aktuellen Termine und Wettk\u00e4mpfe! Der direkte Weg zu Abenteuern wartet auf dich \u2013 <a href=\"https:\/\/easyverein.com\/public\/CKV\/calendar\" target=\"_blank\" rel=\"noopener\">hier geht es zur Online-Version<\/a>.<\/p>\n<p>Zuletzt aktualisiert am 06.03.2025<\/p>\n<p><a href=\"https:\/\/www.kanu-coswig.de\/wp-content\/uploads\/2025\/03\/Terminplan-2025-Slalom.pdf\">Vorl\u00e4ufiger Terminkalender 2025<\/a><\/p>\n<a href=\"https:\/\/www.kanu-coswig.de\/wp-content\/uploads\/2025\/03\/Terminplan-2025-Slalom.pdf\" class=\"pdfemb-viewer\" style=\"\" data-width=\"max\" data-height=\"max\" data-toolbar=\"bottom\" data-toolbar-fixed=\"off\">Terminplan 2025 Slalom<\/a>\n","protected":false},"excerpt":{"rendered":"<p>Der aktuelle (Jahres-) Terminplan ist am Bootshaus an der Pinwand ausgehangen. \u00c4nderungen an Terminen ist jederzeit m\u00f6glich. Bitte zus\u00e4tzliche Aush\u00e4nge am Bootshaus beachten. Hier ist der aktuelle Plan als Download. Es wird ein PDF Viewer ben\u00f6tigt, um den Inhalt anzuzeigen. Um die Datei auf Ihren Rechner zu laden, rechte Maustaste\u2026 <a class=\"continue-reading-link\" href=\"https:\/\/www.kanu-coswig.de\/?page_id=211\">Weiterlesen<\/a><\/p>\n","protected":false},"author":1,"featured_media":0,"parent":0,"menu_order":0,"comment_status":"closed","ping_status":"closed","template":"","meta":{"footnotes":""},"class_list":["post-211","page","type-page","status-publish","hentry"],"yoast_head":"<!-- This site is optimized with the Yoast SEO plugin v21.8 - https:\/\/yoast.com\/wordpress\/plugins\/seo\/ -->\n<title>Slalom-Terminplan - Coswiger Kanu-Verein e.V.<\/title>\n<meta name=\"robots\" content=\"index, follow, max-snippet:-1, max-image-preview:large, max-video-preview:-1\" \/>\n<link rel=\"canonical\" href=\"https:\/\/www.kanu-coswig.de\/?page_id=211\" \/>\n<meta property=\"og:locale\" content=\"de_DE\" \/>\n<meta property=\"og:type\" content=\"article\" \/>\n<meta property=\"og:title\" content=\"Slalom-Terminplan - Coswiger Kanu-Verein e.V.\" \/>\n<meta property=\"og:description\" content=\"Der aktuelle (Jahres-) Terminplan ist am Bootshaus an der Pinwand ausgehangen. \u00c4nderungen an Terminen ist jederzeit m\u00f6glich. Bitte zus\u00e4tzliche Aush\u00e4nge am Bootshaus beachten. Hier ist der aktuelle Plan als Download. Es wird ein PDF Viewer ben\u00f6tigt, um den Inhalt anzuzeigen. Um die Datei auf Ihren Rechner zu laden, rechte Maustaste\u2026 Weiterlesen\" \/>\n<meta property=\"og:url\" content=\"https:\/\/www.kanu-coswig.de\/?page_id=211\" \/>\n<meta property=\"og:site_name\" content=\"Coswiger Kanu-Verein e.V.\" \/>\n<meta property=\"article:modified_time\" content=\"2025-03-28T11:06:15+00:00\" \/>\n<meta name=\"twitter:label1\" content=\"Gesch\u00e4tzte Lesezeit\" \/>\n\t<meta name=\"twitter:data1\" content=\"1\u00a0Minute\" \/>\n<script type=\"application\/ld+json\" class=\"yoast-schema-graph\">{\"@context\":\"https:\/\/schema.org\",\"@graph\":[{\"@type\":\"WebPage\",\"@id\":\"https:\/\/www.kanu-coswig.de\/?page_id=211\",\"url\":\"https:\/\/www.kanu-coswig.de\/?page_id=211\",\"name\":\"Slalom-Terminplan - Coswiger Kanu-Verein e.V.\",\"isPartOf\":{\"@id\":\"https:\/\/www.kanu-coswig.de\/#website\"},\"datePublished\":\"2014-03-09T07:46:07+00:00\",\"dateModified\":\"2025-03-28T11:06:15+00:00\",\"breadcrumb\":{\"@id\":\"https:\/\/www.kanu-coswig.de\/?page_id=211#breadcrumb\"},\"inLanguage\":\"de\",\"potentialAction\":[{\"@type\":\"ReadAction\",\"target\":[\"https:\/\/www.kanu-coswig.de\/?page_id=211\"]}]},{\"@type\":\"BreadcrumbList\",\"@id\":\"https:\/\/www.kanu-coswig.de\/?page_id=211#breadcrumb\",\"itemListElement\":[{\"@type\":\"ListItem\",\"position\":1,\"name\":\"Home\",\"item\":\"https:\/\/www.kanu-coswig.de\/\"},{\"@type\":\"ListItem\",\"position\":2,\"name\":\"Slalom-Terminplan\"}]},{\"@type\":\"WebSite\",\"@id\":\"https:\/\/www.kanu-coswig.de\/#website\",\"url\":\"https:\/\/www.kanu-coswig.de\/\",\"name\":\"Coswiger Kanu-Verein e.V.\",\"description\":\"Zentrum f\u00fcr Kanusport, Kanutouristik und Freizeit in Sachsen\",\"potentialAction\":[{\"@type\":\"SearchAction\",\"target\":{\"@type\":\"EntryPoint\",\"urlTemplate\":\"https:\/\/www.kanu-coswig.de\/?s={search_term_string}\"},\"query-input\":\"required name=search_term_string\"}],\"inLanguage\":\"de\"}]}<\/script>\n<!-- \/ Yoast SEO plugin. -->","yoast_head_json":{"title":"Slalom-Terminplan - Coswiger Kanu-Verein e.V.","robots":{"index":"index","follow":"follow","max-snippet":"max-snippet:-1","max-image-preview":"max-image-preview:large","max-video-preview":"max-video-preview:-1"},"canonical":"https:\/\/www.kanu-coswig.de\/?page_id=211","og_locale":"de_DE","og_type":"article","og_title":"Slalom-Terminplan - Coswiger Kanu-Verein e.V.","og_description":"Der aktuelle (Jahres-) Terminplan ist am Bootshaus an der Pinwand ausgehangen. \u00c4nderungen an Terminen ist jederzeit m\u00f6glich. Bitte zus\u00e4tzliche Aush\u00e4nge am Bootshaus beachten. Hier ist der aktuelle Plan als Download. Es wird ein PDF Viewer ben\u00f6tigt, um den Inhalt anzuzeigen. Um die Datei auf Ihren Rechner zu laden, rechte Maustaste\u2026 Weiterlesen","og_url":"https:\/\/www.kanu-coswig.de\/?page_id=211","og_site_name":"Coswiger Kanu-Verein e.V.","article_modified_time":"2025-03-28T11:06:15+00:00","twitter_misc":{"Gesch\u00e4tzte Lesezeit":"1\u00a0Minute"},"schema":{"@context":"https:\/\/schema.org","@graph":[{"@type":"WebPage","@id":"https:\/\/www.kanu-coswig.de\/?page_id=211","url":"https:\/\/www.kanu-coswig.de\/?page_id=211","name":"Slalom-Terminplan - Coswiger Kanu-Verein e.V.","isPartOf":{"@id":"https:\/\/www.kanu-coswig.de\/#website"},"datePublished":"2014-03-09T07:46:07+00:00","dateModified":"2025-03-28T11:06:15+00:00","breadcrumb":{"@id":"https:\/\/www.kanu-coswig.de\/?page_id=211#breadcrumb"},"inLanguage":"de","potentialAction":[{"@type":"ReadAction","target":["https:\/\/www.kanu-coswig.de\/?page_id=211"]}]},{"@type":"BreadcrumbList","@id":"https:\/\/www.kanu-coswig.de\/?page_id=211#breadcrumb","itemListElement":[{"@type":"ListItem","position":1,"name":"Home","item":"https:\/\/www.kanu-coswig.de\/"},{"@type":"ListItem","position":2,"name":"Slalom-Terminplan"}]},{"@type":"WebSite","@id":"https:\/\/www.kanu-coswig.de\/#website","url":"https:\/\/www.kanu-coswig.de\/","name":"Coswiger Kanu-Verein e.V.","description":"Zentrum f\u00fcr Kanusport, Kanutouristik und Freizeit in Sachsen","potentialAction":[{"@type":"SearchAction","target":{"@type":"EntryPoint","urlTemplate":"https:\/\/www.kanu-coswig.de\/?s={search_term_string}"},"query-input":"required name=search_term_string"}],"inLanguage":"de"}]}},"_links":{"self":[{"href":"https:\/\/www.kanu-coswig.de\/index.php?rest_route=\/wp\/v2\/pages\/211","targetHints":{"allow":["GET"]}}],"collection":[{"href":"https:\/\/www.kanu-coswig.de\/index.php?rest_route=\/wp\/v2\/pages"}],"about":[{"href":"https:\/\/www.kanu-coswig.de\/index.php?rest_route=\/wp\/v2\/types\/page"}],"author":[{"embeddable":true,"href":"https:\/\/www.kanu-coswig.de\/index.php?rest_route=\/wp\/v2\/users\/1"}],"replies":[{"embeddable":true,"href":"https:\/\/www.kanu-coswig.de\/index.php?rest_route=%2Fwp%2Fv2%2Fcomments&post=211"}],"version-history":[{"count":22,"href":"https:\/\/www.kanu-coswig.de\/index.php?rest_route=\/wp\/v2\/pages\/211\/revisions"}],"predecessor-version":[{"id":1751,"href":"https:\/\/www.kanu-coswig.de\/index.php?rest_route=\/wp\/v2\/pages\/211\/revisions\/1751"}],"wp:attachment":[{"href":"https:\/\/www.kanu-coswig.de\/index.php?rest_route=%2Fwp%2Fv2%2Fmedia&parent=211"}],"curies":[{"name":"wp","href":"https:\/\/api.w.org\/{rel}","templated":true}]}}