{"id":241,"date":"2024-11-04T11:12:49","date_gmt":"2024-11-04T10:12:49","guid":{"rendered":"http:\/\/localhost:85\/wordpress\/?page_id=241"},"modified":"2026-02-07T20:42:36","modified_gmt":"2026-02-07T19:42:36","slug":"boehmische-saechsische-elbefahrt","status":"publish","type":"page","link":"https:\/\/www.kanu-coswig.de\/?page_id=241","title":{"rendered":"B\u00f6hmisch-S\u00e4chsische Elbefahrt"},"content":{"rendered":"<p style=\"font-weight: 400;\">Nach der Fahrtabsage 2025 haben wir \u2013 nachdem die Sperrung der Elbe in der Dresdner Altstadt wieder aufgehoben wurde \u2013 die Vorbereitungen f\u00fcr die 11. B\u00f6hmisch-S\u00e4chsischen Elbefahrt 2026 begonnen. Die Fahrt wird vom 14.05.2026 bis 17.05.2026 stattfinden. Die Ausschreibung findet Ihr <a href=\"https:\/\/www.kanu-coswig.de\/wp-content\/uploads\/2026\/02\/BSEF-2026-Ausschreibung-2025-12-31.pdf\" target=\"_blank\" rel=\"noopener\">hier<\/a>.<\/p>\n<p style=\"font-weight: 400;\">Wir freuen uns auf Eure Teilnahme!<\/p>\n<p style=\"font-weight: 400;\">Kontakt: Steffen Lutzke \u2013\u00a0<a href=\"mailto:wandern@kanu-coswig.de\">wandern@kanu-coswig.de<\/a><\/p>\n<p>Einen Bericht zur 10. B\u00f6hmisch-S\u00e4chsischen Elbefahrt 2024 findet Ihr <a href=\"https:\/\/www.kanu-coswig.de\/?p=1684\">hier.<\/a><\/p>\n<a href=\"https:\/\/www.kanu-coswig.de\/wp-content\/uploads\/2026\/02\/BSEF-2026-Ausschreibung-2025-12-31.pdf\" class=\"pdfemb-viewer\" style=\"\" data-width=\"max\" data-height=\"max\" data-toolbar=\"bottom\" data-toolbar-fixed=\"off\">BSEF 2026 - Ausschreibung - 2025-12-31<\/a>\n","protected":false},"excerpt":{"rendered":"<p>Nach der Fahrtabsage 2025 haben wir \u2013 nachdem die Sperrung der Elbe in der Dresdner Altstadt wieder aufgehoben wurde \u2013 die Vorbereitungen f\u00fcr die 11. B\u00f6hmisch-S\u00e4chsischen Elbefahrt 2026 begonnen. Die Fahrt wird vom 14.05.2026 bis 17.05.2026 stattfinden. Die Ausschreibung findet Ihr hier. Wir freuen uns auf Eure Teilnahme! Kontakt: Steffen\u2026 <a class=\"continue-reading-link\" href=\"https:\/\/www.kanu-coswig.de\/?page_id=241\">Weiterlesen<\/a><\/p>\n","protected":false},"author":1,"featured_media":0,"parent":0,"menu_order":0,"comment_status":"closed","ping_status":"closed","template":"","meta":{"footnotes":""},"class_list":["post-241","page","type-page","status-publish","hentry"],"yoast_head":"<!-- This site is optimized with the Yoast SEO plugin v21.8 - https:\/\/yoast.com\/wordpress\/plugins\/seo\/ -->\n<title>B\u00f6hmisch-S\u00e4chsische Elbefahrt - Coswiger Kanu-Verein e.V.<\/title>\n<meta name=\"robots\" content=\"index, follow, max-snippet:-1, max-image-preview:large, max-video-preview:-1\" \/>\n<link rel=\"canonical\" href=\"https:\/\/www.kanu-coswig.de\/?page_id=241\" \/>\n<meta property=\"og:locale\" content=\"de_DE\" \/>\n<meta property=\"og:type\" content=\"article\" \/>\n<meta property=\"og:title\" content=\"B\u00f6hmisch-S\u00e4chsische Elbefahrt - Coswiger Kanu-Verein e.V.\" \/>\n<meta property=\"og:description\" content=\"Nach der Fahrtabsage 2025 haben wir \u2013 nachdem die Sperrung der Elbe in der Dresdner Altstadt wieder aufgehoben wurde \u2013 die Vorbereitungen f\u00fcr die 11. B\u00f6hmisch-S\u00e4chsischen Elbefahrt 2026 begonnen. Die Fahrt wird vom 14.05.2026 bis 17.05.2026 stattfinden. Die Ausschreibung findet Ihr hier. Wir freuen uns auf Eure Teilnahme! Kontakt: Steffen\u2026 Weiterlesen\" \/>\n<meta property=\"og:url\" content=\"https:\/\/www.kanu-coswig.de\/?page_id=241\" \/>\n<meta property=\"og:site_name\" content=\"Coswiger Kanu-Verein e.V.\" \/>\n<meta property=\"article:modified_time\" content=\"2026-02-07T19:42:36+00:00\" \/>\n<meta name=\"twitter:label1\" content=\"Gesch\u00e4tzte Lesezeit\" \/>\n\t<meta name=\"twitter:data1\" content=\"1\u00a0Minute\" \/>\n<script type=\"application\/ld+json\" class=\"yoast-schema-graph\">{\"@context\":\"https:\/\/schema.org\",\"@graph\":[{\"@type\":\"WebPage\",\"@id\":\"https:\/\/www.kanu-coswig.de\/?page_id=241\",\"url\":\"https:\/\/www.kanu-coswig.de\/?page_id=241\",\"name\":\"B\u00f6hmisch-S\u00e4chsische Elbefahrt - Coswiger Kanu-Verein e.V.\",\"isPartOf\":{\"@id\":\"https:\/\/www.kanu-coswig.de\/#website\"},\"datePublished\":\"2024-11-04T10:12:49+00:00\",\"dateModified\":\"2026-02-07T19:42:36+00:00\",\"breadcrumb\":{\"@id\":\"https:\/\/www.kanu-coswig.de\/?page_id=241#breadcrumb\"},\"inLanguage\":\"de\",\"potentialAction\":[{\"@type\":\"ReadAction\",\"target\":[\"https:\/\/www.kanu-coswig.de\/?page_id=241\"]}]},{\"@type\":\"BreadcrumbList\",\"@id\":\"https:\/\/www.kanu-coswig.de\/?page_id=241#breadcrumb\",\"itemListElement\":[{\"@type\":\"ListItem\",\"position\":1,\"name\":\"Home\",\"item\":\"https:\/\/www.kanu-coswig.de\/\"},{\"@type\":\"ListItem\",\"position\":2,\"name\":\"B\u00f6hmisch-S\u00e4chsische Elbefahrt\"}]},{\"@type\":\"WebSite\",\"@id\":\"https:\/\/www.kanu-coswig.de\/#website\",\"url\":\"https:\/\/www.kanu-coswig.de\/\",\"name\":\"Coswiger Kanu-Verein e.V.\",\"description\":\"Zentrum f\u00fcr Kanusport, Kanutouristik und Freizeit in Sachsen\",\"potentialAction\":[{\"@type\":\"SearchAction\",\"target\":{\"@type\":\"EntryPoint\",\"urlTemplate\":\"https:\/\/www.kanu-coswig.de\/?s={search_term_string}\"},\"query-input\":\"required name=search_term_string\"}],\"inLanguage\":\"de\"}]}<\/script>\n<!-- \/ Yoast SEO plugin. -->","yoast_head_json":{"title":"B\u00f6hmisch-S\u00e4chsische Elbefahrt - Coswiger Kanu-Verein e.V.","robots":{"index":"index","follow":"follow","max-snippet":"max-snippet:-1","max-image-preview":"max-image-preview:large","max-video-preview":"max-video-preview:-1"},"canonical":"https:\/\/www.kanu-coswig.de\/?page_id=241","og_locale":"de_DE","og_type":"article","og_title":"B\u00f6hmisch-S\u00e4chsische Elbefahrt - Coswiger Kanu-Verein e.V.","og_description":"Nach der Fahrtabsage 2025 haben wir \u2013 nachdem die Sperrung der Elbe in der Dresdner Altstadt wieder aufgehoben wurde \u2013 die Vorbereitungen f\u00fcr die 11. B\u00f6hmisch-S\u00e4chsischen Elbefahrt 2026 begonnen. Die Fahrt wird vom 14.05.2026 bis 17.05.2026 stattfinden. Die Ausschreibung findet Ihr hier. Wir freuen uns auf Eure Teilnahme! Kontakt: Steffen\u2026 Weiterlesen","og_url":"https:\/\/www.kanu-coswig.de\/?page_id=241","og_site_name":"Coswiger Kanu-Verein e.V.","article_modified_time":"2026-02-07T19:42:36+00:00","twitter_misc":{"Gesch\u00e4tzte Lesezeit":"1\u00a0Minute"},"schema":{"@context":"https:\/\/schema.org","@graph":[{"@type":"WebPage","@id":"https:\/\/www.kanu-coswig.de\/?page_id=241","url":"https:\/\/www.kanu-coswig.de\/?page_id=241","name":"B\u00f6hmisch-S\u00e4chsische Elbefahrt - Coswiger Kanu-Verein e.V.","isPartOf":{"@id":"https:\/\/www.kanu-coswig.de\/#website"},"datePublished":"2024-11-04T10:12:49+00:00","dateModified":"2026-02-07T19:42:36+00:00","breadcrumb":{"@id":"https:\/\/www.kanu-coswig.de\/?page_id=241#breadcrumb"},"inLanguage":"de","potentialAction":[{"@type":"ReadAction","target":["https:\/\/www.kanu-coswig.de\/?page_id=241"]}]},{"@type":"BreadcrumbList","@id":"https:\/\/www.kanu-coswig.de\/?page_id=241#breadcrumb","itemListElement":[{"@type":"ListItem","position":1,"name":"Home","item":"https:\/\/www.kanu-coswig.de\/"},{"@type":"ListItem","position":2,"name":"B\u00f6hmisch-S\u00e4chsische Elbefahrt"}]},{"@type":"WebSite","@id":"https:\/\/www.kanu-coswig.de\/#website","url":"https:\/\/www.kanu-coswig.de\/","name":"Coswiger Kanu-Verein e.V.","description":"Zentrum f\u00fcr Kanusport, Kanutouristik und Freizeit in Sachsen","potentialAction":[{"@type":"SearchAction","target":{"@type":"EntryPoint","urlTemplate":"https:\/\/www.kanu-coswig.de\/?s={search_term_string}"},"query-input":"required name=search_term_string"}],"inLanguage":"de"}]}},"_links":{"self":[{"href":"https:\/\/www.kanu-coswig.de\/index.php?rest_route=\/wp\/v2\/pages\/241","targetHints":{"allow":["GET"]}}],"collection":[{"href":"https:\/\/www.kanu-coswig.de\/index.php?rest_route=\/wp\/v2\/pages"}],"about":[{"href":"https:\/\/www.kanu-coswig.de\/index.php?rest_route=\/wp\/v2\/types\/page"}],"author":[{"embeddable":true,"href":"https:\/\/www.kanu-coswig.de\/index.php?rest_route=\/wp\/v2\/users\/1"}],"replies":[{"embeddable":true,"href":"https:\/\/www.kanu-coswig.de\/index.php?rest_route=%2Fwp%2Fv2%2Fcomments&post=241"}],"version-history":[{"count":25,"href":"https:\/\/www.kanu-coswig.de\/index.php?rest_route=\/wp\/v2\/pages\/241\/revisions"}],"predecessor-version":[{"id":1783,"href":"https:\/\/www.kanu-coswig.de\/index.php?rest_route=\/wp\/v2\/pages\/241\/revisions\/1783"}],"wp:attachment":[{"href":"https:\/\/www.kanu-coswig.de\/index.php?rest_route=%2Fwp%2Fv2%2Fmedia&parent=241"}],"curies":[{"name":"wp","href":"https:\/\/api.w.org\/{rel}","templated":true}]}}