{"id":45,"date":"2014-02-10T23:34:53","date_gmt":"2014-02-10T21:34:53","guid":{"rendered":"http:\/\/localhost:85\/wordpress\/?page_id=45"},"modified":"2017-04-14T20:49:35","modified_gmt":"2017-04-14T19:49:35","slug":"trainingsstaette-bootshaus","status":"publish","type":"page","link":"https:\/\/www.kanu-coswig.de\/?page_id=45","title":{"rendered":"Bootshaus"},"content":{"rendered":"<p>Das Bootshaus der Coswiger Kanuten ist eine vielseitige Trainingsst\u00e4tte, die in Kombination mit den \u00f6rtlich Radfahr-, Lauf- und Skate- sowie Schwimmm\u00f6glichkeiten ideale Bedingungen f\u00fcr sportliche Bet\u00e4tigung sowohl im Rahmen des Slalom-Trainings als auch f\u00fcr aktive Freizeitgestaltung.<\/p>\n<p><strong>Slalomstrecke<\/strong><\/p>\n<p align=\"justify\">Auf einem Seitenarm der Elbe (ca. Kilometer 74) befindet sich im Schatten der Gauernitzer Elbinsel die eher ruhige Slalom-Trainingsstrecke des Coswiger Kanuvereins. Zwar liegt saisonbedingt nur im Fr\u00fchjahr Str\u00f6mung an, eine technische Ausbildung kann jedoch zu jeder Jahreszeit durchgef\u00fchrt werden. Mittels 5 beweglichen Seilstrecken k\u00f6nnen verschiedene Tor-Kombinationen ausgehangen werden, die von den Kanuten zu befahren sind. Bei Bedarf k\u00f6nnen mobile R\u00fcststangen mit Toraufh\u00e4ngungen am Ufer installiert werden. Seit 1979 gibt es f\u00fcr die die Torstrecke eine Flutlichtanlage, die es den Sportlern auch im Fr\u00fchjahr und Herbst gestattet, nach Sonnenuntergang zu trainieren.<\/p>\n<p>Das Wildwassergef\u00fchl erhalten die Sportler in Trainingslagern auf verschiedenen Slalomstrecken (Naturstrecken o. Wildwasserkan\u00e4le) im In- und Ausland, z.B. Leipzig, Zwickau, Augsburg, Lofer (AUT), Roudnice (CZ), Veltrusy (CZ), Prag (CZ).<\/p>\n<p><strong>Turnhalle<\/strong><\/p>\n<p align=\"justify\">Im Erdgeschoss des Bootshauses gibt es eine kleine Turnhalle, die f\u00fcr Krafttraining, Fitnessrunden (Stepper, etc.) oder Spieltraining (z.B. Tischtennis) genutzt werden kann. Durch individuelle Trainingsprogramme k\u00f6nnen die Sportler (vorwiegend) im Winterhalbjahr Muskelaufbau und Konditionstraining betreiben.<\/p>\n<p><strong>Sauna<\/strong><\/p>\n<p align=\"justify\">F\u00fcr Mitglieder des Vereins steht eine hausinterne Sauna zur Verf\u00fcgung, um nach dem Training zu entspannen oder einfach nur zum Zwecke der Gesunderhaltung.<\/p>\n<p align=\"justify\"><strong>Clubraum<\/strong><\/p>\n<p>Im Obergeschoss befindet sich ein Clubraum f\u00fcr Vereinsveranstaltungen und<br \/>\nzur Vermietung an Privatpersonen f\u00fcr Familienfeiern. Er bietet bis zu 45<br \/>\nPersonen Platz. Angeschlossen ist eine kleine K\u00fcche mit dem erforderlichen<br \/>\nGeschirr, Besteck und Gl\u00e4sern sowie Elektroger\u00e4ten (Geschirrsp\u00fcler,<br \/>\nK\u00fchlschrank, Herd, Mikrowelle, Kaffeemaschine, Wasserkocher). Terminanfragen<br \/>\nf\u00fcr die Miete des Clubraumes bitte \u00fcber unser <a href=\"https:\/\/www.kanu-coswig.de\/?page_id=120\">Kontaktformular <\/a>stellen.<\/p>\n<p><strong>Mini-Fussballfeld<\/strong><\/p>\n<p align=\"justify\">Neben dem Kraft- und Ausdauertrainings sowie der technischen Ausbildung ist das Ball- und Spieltraining eine willkommene Abwechslung zum Trainingsalltag. Seit Anfang 2005 besitzt der CKV 2 kleine Fussball-Tore, die bei Bedarf im Bootshausgel\u00e4nde aufgestellt werden k\u00f6nnen und f\u00fcr Spieltraining zur Verf\u00fcgung stehen.<\/p>\n<div id=\"attachment_376\" style=\"width: 310px\" class=\"wp-caption aligncenter\"><a href=\"https:\/\/www.kanu-coswig.de\/wp-content\/uploads\/2014\/02\/BootshausPanorama.jpg\"><img loading=\"lazy\" decoding=\"async\" aria-describedby=\"caption-attachment-376\" class=\"size-medium wp-image-376 \" src=\"https:\/\/www.kanu-coswig.de\/wp-content\/uploads\/2014\/02\/BootshausPanorama-300x75.jpg\" alt=\"Panoramablick\" width=\"300\" height=\"75\" srcset=\"https:\/\/www.kanu-coswig.de\/wp-content\/uploads\/2014\/02\/BootshausPanorama-300x75.jpg 300w, https:\/\/www.kanu-coswig.de\/wp-content\/uploads\/2014\/02\/BootshausPanorama-1024x257.jpg 1024w, https:\/\/www.kanu-coswig.de\/wp-content\/uploads\/2014\/02\/BootshausPanorama-250x62.jpg 250w, https:\/\/www.kanu-coswig.de\/wp-content\/uploads\/2014\/02\/BootshausPanorama-150x37.jpg 150w, https:\/\/www.kanu-coswig.de\/wp-content\/uploads\/2014\/02\/BootshausPanorama.jpg 1028w\" sizes=\"auto, (max-width: 300px) 100vw, 300px\" \/><\/a><p id=\"caption-attachment-376\" class=\"wp-caption-text\">Panoramablick<\/p><\/div>\n<p>&nbsp;<\/p>\n","protected":false},"excerpt":{"rendered":"<p>Das Bootshaus der Coswiger Kanuten ist eine vielseitige Trainingsst\u00e4tte, die in Kombination mit den \u00f6rtlich Radfahr-, Lauf- und Skate- sowie Schwimmm\u00f6glichkeiten ideale Bedingungen f\u00fcr sportliche Bet\u00e4tigung sowohl im Rahmen des Slalom-Trainings als auch f\u00fcr aktive Freizeitgestaltung. Slalomstrecke Auf einem Seitenarm der Elbe (ca. Kilometer 74) befindet sich im Schatten der\u2026 <a class=\"continue-reading-link\" href=\"https:\/\/www.kanu-coswig.de\/?page_id=45\">Weiterlesen<\/a><\/p>\n","protected":false},"author":1,"featured_media":0,"parent":0,"menu_order":0,"comment_status":"closed","ping_status":"closed","template":"","meta":{"footnotes":""},"class_list":["post-45","page","type-page","status-publish","hentry"],"yoast_head":"<!-- This site is optimized with the Yoast SEO plugin v21.8 - https:\/\/yoast.com\/wordpress\/plugins\/seo\/ -->\n<title>Bootshaus - Coswiger Kanu-Verein e.V.<\/title>\n<meta name=\"robots\" content=\"index, follow, max-snippet:-1, max-image-preview:large, max-video-preview:-1\" \/>\n<link rel=\"canonical\" href=\"https:\/\/www.kanu-coswig.de\/?page_id=45\" \/>\n<meta property=\"og:locale\" content=\"de_DE\" \/>\n<meta property=\"og:type\" content=\"article\" \/>\n<meta property=\"og:title\" content=\"Bootshaus - Coswiger Kanu-Verein e.V.\" \/>\n<meta property=\"og:description\" content=\"Das Bootshaus der Coswiger Kanuten ist eine vielseitige Trainingsst\u00e4tte, die in Kombination mit den \u00f6rtlich Radfahr-, Lauf- und Skate- sowie Schwimmm\u00f6glichkeiten ideale Bedingungen f\u00fcr sportliche Bet\u00e4tigung sowohl im Rahmen des Slalom-Trainings als auch f\u00fcr aktive Freizeitgestaltung. Slalomstrecke Auf einem Seitenarm der Elbe (ca. Kilometer 74) befindet sich im Schatten der\u2026 Weiterlesen\" \/>\n<meta property=\"og:url\" content=\"https:\/\/www.kanu-coswig.de\/?page_id=45\" \/>\n<meta property=\"og:site_name\" content=\"Coswiger Kanu-Verein e.V.\" \/>\n<meta property=\"article:modified_time\" content=\"2017-04-14T19:49:35+00:00\" \/>\n<meta property=\"og:image\" content=\"https:\/\/www.kanu-coswig.de\/wp-content\/uploads\/2014\/02\/BootshausPanorama-300x75.jpg\" \/>\n<meta name=\"twitter:label1\" content=\"Gesch\u00e4tzte Lesezeit\" \/>\n\t<meta name=\"twitter:data1\" content=\"2\u00a0Minuten\" \/>\n<script type=\"application\/ld+json\" class=\"yoast-schema-graph\">{\"@context\":\"https:\/\/schema.org\",\"@graph\":[{\"@type\":\"WebPage\",\"@id\":\"https:\/\/www.kanu-coswig.de\/?page_id=45\",\"url\":\"https:\/\/www.kanu-coswig.de\/?page_id=45\",\"name\":\"Bootshaus - Coswiger Kanu-Verein e.V.\",\"isPartOf\":{\"@id\":\"https:\/\/www.kanu-coswig.de\/#website\"},\"datePublished\":\"2014-02-10T21:34:53+00:00\",\"dateModified\":\"2017-04-14T19:49:35+00:00\",\"breadcrumb\":{\"@id\":\"https:\/\/www.kanu-coswig.de\/?page_id=45#breadcrumb\"},\"inLanguage\":\"de\",\"potentialAction\":[{\"@type\":\"ReadAction\",\"target\":[\"https:\/\/www.kanu-coswig.de\/?page_id=45\"]}]},{\"@type\":\"BreadcrumbList\",\"@id\":\"https:\/\/www.kanu-coswig.de\/?page_id=45#breadcrumb\",\"itemListElement\":[{\"@type\":\"ListItem\",\"position\":1,\"name\":\"Home\",\"item\":\"https:\/\/www.kanu-coswig.de\/\"},{\"@type\":\"ListItem\",\"position\":2,\"name\":\"Bootshaus\"}]},{\"@type\":\"WebSite\",\"@id\":\"https:\/\/www.kanu-coswig.de\/#website\",\"url\":\"https:\/\/www.kanu-coswig.de\/\",\"name\":\"Coswiger Kanu-Verein e.V.\",\"description\":\"Zentrum f\u00fcr Kanusport, Kanutouristik und Freizeit in Sachsen\",\"potentialAction\":[{\"@type\":\"SearchAction\",\"target\":{\"@type\":\"EntryPoint\",\"urlTemplate\":\"https:\/\/www.kanu-coswig.de\/?s={search_term_string}\"},\"query-input\":\"required name=search_term_string\"}],\"inLanguage\":\"de\"}]}<\/script>\n<!-- \/ Yoast SEO plugin. -->","yoast_head_json":{"title":"Bootshaus - Coswiger Kanu-Verein e.V.","robots":{"index":"index","follow":"follow","max-snippet":"max-snippet:-1","max-image-preview":"max-image-preview:large","max-video-preview":"max-video-preview:-1"},"canonical":"https:\/\/www.kanu-coswig.de\/?page_id=45","og_locale":"de_DE","og_type":"article","og_title":"Bootshaus - Coswiger Kanu-Verein e.V.","og_description":"Das Bootshaus der Coswiger Kanuten ist eine vielseitige Trainingsst\u00e4tte, die in Kombination mit den \u00f6rtlich Radfahr-, Lauf- und Skate- sowie Schwimmm\u00f6glichkeiten ideale Bedingungen f\u00fcr sportliche Bet\u00e4tigung sowohl im Rahmen des Slalom-Trainings als auch f\u00fcr aktive Freizeitgestaltung. Slalomstrecke Auf einem Seitenarm der Elbe (ca. Kilometer 74) befindet sich im Schatten der\u2026 Weiterlesen","og_url":"https:\/\/www.kanu-coswig.de\/?page_id=45","og_site_name":"Coswiger Kanu-Verein e.V.","article_modified_time":"2017-04-14T19:49:35+00:00","og_image":[{"url":"https:\/\/www.kanu-coswig.de\/wp-content\/uploads\/2014\/02\/BootshausPanorama-300x75.jpg"}],"twitter_misc":{"Gesch\u00e4tzte Lesezeit":"2\u00a0Minuten"},"schema":{"@context":"https:\/\/schema.org","@graph":[{"@type":"WebPage","@id":"https:\/\/www.kanu-coswig.de\/?page_id=45","url":"https:\/\/www.kanu-coswig.de\/?page_id=45","name":"Bootshaus - Coswiger Kanu-Verein e.V.","isPartOf":{"@id":"https:\/\/www.kanu-coswig.de\/#website"},"datePublished":"2014-02-10T21:34:53+00:00","dateModified":"2017-04-14T19:49:35+00:00","breadcrumb":{"@id":"https:\/\/www.kanu-coswig.de\/?page_id=45#breadcrumb"},"inLanguage":"de","potentialAction":[{"@type":"ReadAction","target":["https:\/\/www.kanu-coswig.de\/?page_id=45"]}]},{"@type":"BreadcrumbList","@id":"https:\/\/www.kanu-coswig.de\/?page_id=45#breadcrumb","itemListElement":[{"@type":"ListItem","position":1,"name":"Home","item":"https:\/\/www.kanu-coswig.de\/"},{"@type":"ListItem","position":2,"name":"Bootshaus"}]},{"@type":"WebSite","@id":"https:\/\/www.kanu-coswig.de\/#website","url":"https:\/\/www.kanu-coswig.de\/","name":"Coswiger Kanu-Verein e.V.","description":"Zentrum f\u00fcr Kanusport, Kanutouristik und Freizeit in Sachsen","potentialAction":[{"@type":"SearchAction","target":{"@type":"EntryPoint","urlTemplate":"https:\/\/www.kanu-coswig.de\/?s={search_term_string}"},"query-input":"required name=search_term_string"}],"inLanguage":"de"}]}},"_links":{"self":[{"href":"https:\/\/www.kanu-coswig.de\/index.php?rest_route=\/wp\/v2\/pages\/45","targetHints":{"allow":["GET"]}}],"collection":[{"href":"https:\/\/www.kanu-coswig.de\/index.php?rest_route=\/wp\/v2\/pages"}],"about":[{"href":"https:\/\/www.kanu-coswig.de\/index.php?rest_route=\/wp\/v2\/types\/page"}],"author":[{"embeddable":true,"href":"https:\/\/www.kanu-coswig.de\/index.php?rest_route=\/wp\/v2\/users\/1"}],"replies":[{"embeddable":true,"href":"https:\/\/www.kanu-coswig.de\/index.php?rest_route=%2Fwp%2Fv2%2Fcomments&post=45"}],"version-history":[{"count":6,"href":"https:\/\/www.kanu-coswig.de\/index.php?rest_route=\/wp\/v2\/pages\/45\/revisions"}],"predecessor-version":[{"id":1120,"href":"https:\/\/www.kanu-coswig.de\/index.php?rest_route=\/wp\/v2\/pages\/45\/revisions\/1120"}],"wp:attachment":[{"href":"https:\/\/www.kanu-coswig.de\/index.php?rest_route=%2Fwp%2Fv2%2Fmedia&parent=45"}],"curies":[{"name":"wp","href":"https:\/\/api.w.org\/{rel}","templated":true}]}}