{"id":49,"date":"2014-02-10T23:40:28","date_gmt":"2014-02-10T21:40:28","guid":{"rendered":"http:\/\/localhost:85\/wordpress\/?page_id=49"},"modified":"2023-12-04T22:13:29","modified_gmt":"2023-12-04T21:13:29","slug":"dkv-kanu-station","status":"publish","type":"page","link":"https:\/\/www.kanu-coswig.de\/?page_id=49","title":{"rendered":"DKV Kanu-Station"},"content":{"rendered":"<p>Unsere Kanu-Station liegt direkt am Ende eines Seitenarms der Elbe.<br \/>\nSie ist bei Normalwasserstand nach dem Passieren der Gauernitzer Insel erreichbar. Dazu fahren Sie unterhalb des Elbkilometers 74 rechts in den &#8222;Toten Elbarm&#8220; ein und erreichen nach 800 Metern das Bootshaus.<br \/>\nBei erh\u00f6htem Wasserstand (Pegel Dresden &gt;2m) k\u00f6nnen Sie auch eine Abk\u00fcrzung \u00fcber den Gauernitzer Elbdamm nehmen. Unmittelbar nach der Coswiger F\u00e4hre (zwischen Kilometer 73 und 74) m\u00fcssten Sie sich einen Weg durch die Baumgruppen und B\u00fcsche suchen. Alternativ k\u00f6nnen Sie auch an der F\u00e4hre ausbooten und den Elbradweg f\u00fcr ca. 400 Metern folgen und gelangen &#8222;auf dem Landweg&#8220; zu uns.<\/p>\n<div id=\"attachment_347\" style=\"width: 310px\" class=\"wp-caption aligncenter\"><a href=\"https:\/\/www.kanu-coswig.de\/wp-content\/uploads\/2014\/03\/DKVSt-Ausstiegsstelle.jpg\"><img loading=\"lazy\" decoding=\"async\" aria-describedby=\"caption-attachment-347\" class=\"size-full wp-image-347 \" src=\"https:\/\/www.kanu-coswig.de\/wp-content\/uploads\/2014\/03\/DKVSt-Ausstiegsstelle.jpg\" alt=\"DKVSt-Ausstiegsstelle\" width=\"300\" height=\"225\" srcset=\"https:\/\/www.kanu-coswig.de\/wp-content\/uploads\/2014\/03\/DKVSt-Ausstiegsstelle.jpg 300w, https:\/\/www.kanu-coswig.de\/wp-content\/uploads\/2014\/03\/DKVSt-Ausstiegsstelle-200x150.jpg 200w, https:\/\/www.kanu-coswig.de\/wp-content\/uploads\/2014\/03\/DKVSt-Ausstiegsstelle-150x112.jpg 150w\" sizes=\"auto, (max-width: 300px) 100vw, 300px\" \/><\/a><p id=\"caption-attachment-347\" class=\"wp-caption-text\">Ausstiegsstelle<\/p><\/div>\n<p>Auf unserem idyllisch gelegenen Zeltplatz ist von April bis Ende Oktober jeder Paddler herzlich willkommen. Bei ung\u00fcnstigen Wetterbedingungen kann auch der Dachboden in unserem alten Bootshaus zur \u00dcbernachtung genutzt werden.<\/p>\n<div id=\"attachment_349\" style=\"width: 310px\" class=\"wp-caption aligncenter\"><a href=\"https:\/\/www.kanu-coswig.de\/wp-content\/uploads\/2014\/03\/DKVSt-Zeltplatz.jpg\"><img loading=\"lazy\" decoding=\"async\" aria-describedby=\"caption-attachment-349\" class=\"size-full wp-image-349 \" src=\"https:\/\/www.kanu-coswig.de\/wp-content\/uploads\/2014\/03\/DKVSt-Zeltplatz.jpg\" alt=\"DKVSt-Zeltplatz\" width=\"300\" height=\"225\" srcset=\"https:\/\/www.kanu-coswig.de\/wp-content\/uploads\/2014\/03\/DKVSt-Zeltplatz.jpg 300w, https:\/\/www.kanu-coswig.de\/wp-content\/uploads\/2014\/03\/DKVSt-Zeltplatz-200x150.jpg 200w, https:\/\/www.kanu-coswig.de\/wp-content\/uploads\/2014\/03\/DKVSt-Zeltplatz-150x112.jpg 150w\" sizes=\"auto, (max-width: 300px) 100vw, 300px\" \/><\/a><p id=\"caption-attachment-349\" class=\"wp-caption-text\">Zeltplatz<\/p><\/div>\n<p>Unsere Freiluftsanit\u00e4ranlage bietet Ihnen neben einer ordentlichen Toilette die M\u00f6glichkeit zum Waschen und Duschen. Bei Bedarf k\u00f6nnen wir Ihnen auch einen Stromanschlu\u00df zur Verf\u00fcgung stellen.<\/p>\n<div id=\"attachment_348\" style=\"width: 310px\" class=\"wp-caption aligncenter\"><a href=\"https:\/\/www.kanu-coswig.de\/wp-content\/uploads\/2014\/03\/DKVSt-Sanitaeranlage.jpg\"><img loading=\"lazy\" decoding=\"async\" aria-describedby=\"caption-attachment-348\" class=\"size-full wp-image-348 \" src=\"https:\/\/www.kanu-coswig.de\/wp-content\/uploads\/2014\/03\/DKVSt-Sanitaeranlage.jpg\" alt=\"DKVSt-Sanitaeranlage\" width=\"300\" height=\"225\" srcset=\"https:\/\/www.kanu-coswig.de\/wp-content\/uploads\/2014\/03\/DKVSt-Sanitaeranlage.jpg 300w, https:\/\/www.kanu-coswig.de\/wp-content\/uploads\/2014\/03\/DKVSt-Sanitaeranlage-200x150.jpg 200w, https:\/\/www.kanu-coswig.de\/wp-content\/uploads\/2014\/03\/DKVSt-Sanitaeranlage-150x112.jpg 150w\" sizes=\"auto, (max-width: 300px) 100vw, 300px\" \/><\/a><p id=\"caption-attachment-348\" class=\"wp-caption-text\">Sanit\u00e4reinrichtung<\/p><\/div>\n<p>&nbsp;<\/p>\n<p>Preise f\u00fcr die \u00dcbernachtungen: Der verg\u00fcnstigte Preis in Klammern gilt f\u00fcr DKV-Mitglieder. (Stand 04.12.2023)<\/p>\n<p>\u00dcbernachtung im Zelt (pro Person)<br \/>\n<strong>Erwachsene<\/strong> 5.00 EUR\/Nacht (4.00 EUR\/Nacht)<br \/>\n<strong>Kinder\/Jugendliche bis 18 Jahre<\/strong>\u00a0 2.50 EUR\/Nacht (2.00 EUR\/Nacht)<\/p>\n<p>\u00dcbernachtung im Fahrzeug (pro Person)<br \/>\n<strong>Erwachsene<\/strong> 7.00 EUR\/Nacht (5.00 EUR\/Nacht)<br \/>\n<strong>Kinder\/Jugendliche bis 18 Jahre<\/strong>\u00a0 3.50 EUR\/Nacht (2.50 EUR\/Nacht)<\/p>\n<p><strong>Parkgeb\u00fchr f\u00fcr zus\u00e4tzliches Fahrzeug<\/strong><br \/>\n3.00 EUR\/Tag (2.00 EUR\/Tag)<\/p>\n<p><strong>Stromanschluss<\/strong><br \/>\n2.00 EUR\/Tag<\/p>\n<p>Neben dem Zeltplatz stehen auch \u00dcbernachtungsm\u00f6glichkeiten im Bootshaus zur Verf\u00fcgung.<\/p>\n<p>Nachtlager im alten Bootshaus (pro Person, ohne Bettw\u00e4sche)<br \/>\n<strong>Erwachsene<\/strong> 6.00 EUR\/Nacht (5.00 EUR\/Nacht)<br \/>\n<strong>Kinder\/Jugendliche bis 18 Jahre<\/strong>\u00a0 3.00 EUR\/Nacht (2.50 EUR\/Nacht)<\/p>\n<p>&nbsp;<\/p>\n<p>Das Stadtzentrum von Coswig ist innerhalb von 20 Minuten zu Fu\u00df erreichbar, wo Sie Einkaufsm\u00f6glichkeiten und Anschlu\u00df zu den regionalen Verkehrsmitteln haben. Frische Br\u00f6tchen haben Sie dagegen schon nach 5 Minuten in der T\u00fcte, der n\u00e4chste B\u00e4cker ist ca. 300 Metern vom Bootshaus stadteinw\u00e4rts entfernt.<\/p>\n<p>&nbsp;<\/p>\n<p><strong>Freizeitm\u00f6glichkeiten und Ausflusziele:<\/strong><\/p>\n<p>In Coswig k\u00f6nnen Sie z.B. in der neuen Einkaufspassage &#8222;Hauptstra\u00dfe&#8220; shoppen oder rund um die alte Kirche und durch den B\u00fcrgerpark spazieren und vielleicht im Alten Museum ein rustikalen Mahl einnehmen. Im Sommer sind sie in 5 Minuten im K\u00f6titzer Freibad.<br \/>\nMit S-Bahn bzw. Stra\u00dfenbahn erreichen Sie Mei\u00dfen, Dresden und die S\u00e4chsische Schweiz bequem und schnell.<\/p>\n<p>Mei\u00dfen:<br \/>\n&#8211; historische Albrechtsburg<br \/>\n&#8211; Besichtigung der ber\u00fchmten Porzellanmanufaktur<\/p>\n<p>Dresden:<br \/>\n&#8211; wiederaufgebaute Frauenkirche<br \/>\n&#8211; historische Altstadt von Dresden<br \/>\n&#8211; Szeneviertel Neustadt mit mehr als 100 Kneipen, Bars und Restaurants<br \/>\n&#8211; Elbefahrt mit historischen Schaufelraddampfern<\/p>\n<p>Radebeul:<br \/>\n&#8211; Schlo\u00df Wackerbart (Wein-\/Sektkelterei mit wundersch\u00f6ner Parkanlage)<br \/>\n&#8211; Indianermuseum (auf den Spuren von Karl May&#8230;)<br \/>\n&#8211; Fahrt mit der Schmalspurbahn durch das L\u00f6\u00dfnitztal nach Moritzburg<\/p>\n<p>Moritzburg:<br \/>\n&#8211; historisches Jagd- und Lustschlo\u00df mit Parkanlage und Leuchtturm<\/p>\n<p>Ihre \u00dcbernachtungsanfrage richten Sie bitte bevorzugt <a href=\"mailto:vermietung@kanu-coswig.de?subject=Vermietungsanfrage%20via%20Webseite\">per Email (vermietung@kanu-coswig.de)<\/a>\u00a0oder \u00fcber unser <a title=\"Kontakt\" href=\"https:\/\/www.kanu-coswig.de\/?page_id=120\">Kontaktformular<\/a>.<br \/>\nSie k\u00f6nnen nat\u00fcrlich auch telefonisch unter 03523\/75417 anfragen.<br \/>\nGeben Sie dazu einfach die Anzahl der Personen und den gew\u00fcnschten Zeitraum an.<\/p>\n","protected":false},"excerpt":{"rendered":"<p>Unsere Kanu-Station liegt direkt am Ende eines Seitenarms der Elbe. Sie ist bei Normalwasserstand nach dem Passieren der Gauernitzer Insel erreichbar. Dazu fahren Sie unterhalb des Elbkilometers 74 rechts in den &#8222;Toten Elbarm&#8220; ein und erreichen nach 800 Metern das Bootshaus. Bei erh\u00f6htem Wasserstand (Pegel Dresden &gt;2m) k\u00f6nnen Sie auch\u2026 <a class=\"continue-reading-link\" href=\"https:\/\/www.kanu-coswig.de\/?page_id=49\">Weiterlesen<\/a><\/p>\n","protected":false},"author":1,"featured_media":0,"parent":0,"menu_order":0,"comment_status":"closed","ping_status":"closed","template":"","meta":{"footnotes":""},"class_list":["post-49","page","type-page","status-publish","hentry"],"yoast_head":"<!-- This site is optimized with the Yoast SEO plugin v21.8 - https:\/\/yoast.com\/wordpress\/plugins\/seo\/ -->\n<title>DKV Kanu-Station - Coswiger Kanu-Verein e.V.<\/title>\n<meta name=\"robots\" content=\"index, follow, max-snippet:-1, max-image-preview:large, max-video-preview:-1\" \/>\n<link rel=\"canonical\" href=\"https:\/\/www.kanu-coswig.de\/?page_id=49\" \/>\n<meta property=\"og:locale\" content=\"de_DE\" \/>\n<meta property=\"og:type\" content=\"article\" \/>\n<meta property=\"og:title\" content=\"DKV Kanu-Station - Coswiger Kanu-Verein e.V.\" \/>\n<meta property=\"og:description\" content=\"Unsere Kanu-Station liegt direkt am Ende eines Seitenarms der Elbe. Sie ist bei Normalwasserstand nach dem Passieren der Gauernitzer Insel erreichbar. Dazu fahren Sie unterhalb des Elbkilometers 74 rechts in den &#8222;Toten Elbarm&#8220; ein und erreichen nach 800 Metern das Bootshaus. Bei erh\u00f6htem Wasserstand (Pegel Dresden &gt;2m) k\u00f6nnen Sie auch\u2026 Weiterlesen\" \/>\n<meta property=\"og:url\" content=\"https:\/\/www.kanu-coswig.de\/?page_id=49\" \/>\n<meta property=\"og:site_name\" content=\"Coswiger Kanu-Verein e.V.\" \/>\n<meta property=\"article:modified_time\" content=\"2023-12-04T21:13:29+00:00\" \/>\n<meta property=\"og:image\" content=\"https:\/\/www.kanu-coswig.de\/wp-content\/uploads\/2014\/03\/DKVSt-Ausstiegsstelle.jpg\" \/>\n<meta name=\"twitter:label1\" content=\"Gesch\u00e4tzte Lesezeit\" \/>\n\t<meta name=\"twitter:data1\" content=\"4\u00a0Minuten\" \/>\n<script type=\"application\/ld+json\" class=\"yoast-schema-graph\">{\"@context\":\"https:\/\/schema.org\",\"@graph\":[{\"@type\":\"WebPage\",\"@id\":\"https:\/\/www.kanu-coswig.de\/?page_id=49\",\"url\":\"https:\/\/www.kanu-coswig.de\/?page_id=49\",\"name\":\"DKV Kanu-Station - Coswiger Kanu-Verein e.V.\",\"isPartOf\":{\"@id\":\"https:\/\/www.kanu-coswig.de\/#website\"},\"datePublished\":\"2014-02-10T21:40:28+00:00\",\"dateModified\":\"2023-12-04T21:13:29+00:00\",\"breadcrumb\":{\"@id\":\"https:\/\/www.kanu-coswig.de\/?page_id=49#breadcrumb\"},\"inLanguage\":\"de\",\"potentialAction\":[{\"@type\":\"ReadAction\",\"target\":[\"https:\/\/www.kanu-coswig.de\/?page_id=49\"]}]},{\"@type\":\"BreadcrumbList\",\"@id\":\"https:\/\/www.kanu-coswig.de\/?page_id=49#breadcrumb\",\"itemListElement\":[{\"@type\":\"ListItem\",\"position\":1,\"name\":\"Home\",\"item\":\"https:\/\/www.kanu-coswig.de\/\"},{\"@type\":\"ListItem\",\"position\":2,\"name\":\"DKV Kanu-Station\"}]},{\"@type\":\"WebSite\",\"@id\":\"https:\/\/www.kanu-coswig.de\/#website\",\"url\":\"https:\/\/www.kanu-coswig.de\/\",\"name\":\"Coswiger Kanu-Verein e.V.\",\"description\":\"Zentrum f\u00fcr Kanusport, Kanutouristik und Freizeit in Sachsen\",\"potentialAction\":[{\"@type\":\"SearchAction\",\"target\":{\"@type\":\"EntryPoint\",\"urlTemplate\":\"https:\/\/www.kanu-coswig.de\/?s={search_term_string}\"},\"query-input\":\"required name=search_term_string\"}],\"inLanguage\":\"de\"}]}<\/script>\n<!-- \/ Yoast SEO plugin. -->","yoast_head_json":{"title":"DKV Kanu-Station - Coswiger Kanu-Verein e.V.","robots":{"index":"index","follow":"follow","max-snippet":"max-snippet:-1","max-image-preview":"max-image-preview:large","max-video-preview":"max-video-preview:-1"},"canonical":"https:\/\/www.kanu-coswig.de\/?page_id=49","og_locale":"de_DE","og_type":"article","og_title":"DKV Kanu-Station - Coswiger Kanu-Verein e.V.","og_description":"Unsere Kanu-Station liegt direkt am Ende eines Seitenarms der Elbe. Sie ist bei Normalwasserstand nach dem Passieren der Gauernitzer Insel erreichbar. Dazu fahren Sie unterhalb des Elbkilometers 74 rechts in den &#8222;Toten Elbarm&#8220; ein und erreichen nach 800 Metern das Bootshaus. Bei erh\u00f6htem Wasserstand (Pegel Dresden &gt;2m) k\u00f6nnen Sie auch\u2026 Weiterlesen","og_url":"https:\/\/www.kanu-coswig.de\/?page_id=49","og_site_name":"Coswiger Kanu-Verein e.V.","article_modified_time":"2023-12-04T21:13:29+00:00","og_image":[{"url":"https:\/\/www.kanu-coswig.de\/wp-content\/uploads\/2014\/03\/DKVSt-Ausstiegsstelle.jpg"}],"twitter_misc":{"Gesch\u00e4tzte Lesezeit":"4\u00a0Minuten"},"schema":{"@context":"https:\/\/schema.org","@graph":[{"@type":"WebPage","@id":"https:\/\/www.kanu-coswig.de\/?page_id=49","url":"https:\/\/www.kanu-coswig.de\/?page_id=49","name":"DKV Kanu-Station - Coswiger Kanu-Verein e.V.","isPartOf":{"@id":"https:\/\/www.kanu-coswig.de\/#website"},"datePublished":"2014-02-10T21:40:28+00:00","dateModified":"2023-12-04T21:13:29+00:00","breadcrumb":{"@id":"https:\/\/www.kanu-coswig.de\/?page_id=49#breadcrumb"},"inLanguage":"de","potentialAction":[{"@type":"ReadAction","target":["https:\/\/www.kanu-coswig.de\/?page_id=49"]}]},{"@type":"BreadcrumbList","@id":"https:\/\/www.kanu-coswig.de\/?page_id=49#breadcrumb","itemListElement":[{"@type":"ListItem","position":1,"name":"Home","item":"https:\/\/www.kanu-coswig.de\/"},{"@type":"ListItem","position":2,"name":"DKV Kanu-Station"}]},{"@type":"WebSite","@id":"https:\/\/www.kanu-coswig.de\/#website","url":"https:\/\/www.kanu-coswig.de\/","name":"Coswiger Kanu-Verein e.V.","description":"Zentrum f\u00fcr Kanusport, Kanutouristik und Freizeit in Sachsen","potentialAction":[{"@type":"SearchAction","target":{"@type":"EntryPoint","urlTemplate":"https:\/\/www.kanu-coswig.de\/?s={search_term_string}"},"query-input":"required name=search_term_string"}],"inLanguage":"de"}]}},"_links":{"self":[{"href":"https:\/\/www.kanu-coswig.de\/index.php?rest_route=\/wp\/v2\/pages\/49","targetHints":{"allow":["GET"]}}],"collection":[{"href":"https:\/\/www.kanu-coswig.de\/index.php?rest_route=\/wp\/v2\/pages"}],"about":[{"href":"https:\/\/www.kanu-coswig.de\/index.php?rest_route=\/wp\/v2\/types\/page"}],"author":[{"embeddable":true,"href":"https:\/\/www.kanu-coswig.de\/index.php?rest_route=\/wp\/v2\/users\/1"}],"replies":[{"embeddable":true,"href":"https:\/\/www.kanu-coswig.de\/index.php?rest_route=%2Fwp%2Fv2%2Fcomments&post=49"}],"version-history":[{"count":9,"href":"https:\/\/www.kanu-coswig.de\/index.php?rest_route=\/wp\/v2\/pages\/49\/revisions"}],"predecessor-version":[{"id":1626,"href":"https:\/\/www.kanu-coswig.de\/index.php?rest_route=\/wp\/v2\/pages\/49\/revisions\/1626"}],"wp:attachment":[{"href":"https:\/\/www.kanu-coswig.de\/index.php?rest_route=%2Fwp%2Fv2%2Fmedia&parent=49"}],"curies":[{"name":"wp","href":"https:\/\/api.w.org\/{rel}","templated":true}]}}